{"id":6708,"date":"2019-10-29T14:34:17","date_gmt":"2019-10-29T14:34:17","guid":{"rendered":"http:\/\/es.areas.com\/?page_id=6708"},"modified":"2023-06-13T10:32:46","modified_gmt":"2023-06-13T08:32:46","slug":"politica-de-cookies","status":"publish","type":"page","link":"https:\/\/es.areas.com\/es\/politica-de-cookies\/","title":{"rendered":"Pol\u00edtica de Cookies"},"content":{"rendered":"<div class=\"col-12 col-md-8 mx-auto\">\n<p>\n<b>\u00bfQu\u00e9 es una cookie?<\/b><\/p>\n<p><span style=\"font-weight: 400;\">Las cookies son peque\u00f1as cantidades de informaci\u00f3n que se almacenan en el navegador utilizado por cada usuario (en adelante, el \u00abUsuario\u00bb o los \u00abUsuarios\u00bb) para que el servidor recuerde cierta informaci\u00f3n que posteriormente \u00fanicamente el servidor que la implement\u00f3 leer\u00e1. Las cookies tienen, generalmente, una duraci\u00f3n limitada en el tiempo.<\/span><\/p>\n<p><span style=\"font-weight: 400;\">Las cookies permiten a los visitantes de la presente p\u00e1gina web <\/span><a href=\"es.areas.com\/\"><span style=\"font-weight: 400;\">es.areas.com\/<\/span><\/a><span style=\"font-weight: 400;\"> (en adelante, la \u00abP\u00e1gina\u00a0Web\u00bb), entre otras cosas, almacenar y retener informaci\u00f3n sobre los h\u00e1bitos de navegaci\u00f3n de los Usuarios que accedan a la P\u00e1gina Web o de sus dispositivos y, dependiendo de la informaci\u00f3n en ellos contenida y del uso que est\u00e9n haciendo de los dispositivos, pueden ser utilizadas para reconocer al Usuario.<\/span><\/p>\n<p><b>\u00bfQu\u00e9 cookies utilizamos?<\/b><\/p>\n<p><span style=\"font-weight: 400;\">La P\u00e1gina Web utiliza <\/span><b>cookies propias y de terceros<\/b><span style=\"font-weight: 400;\">.<\/span><\/p>\n<ul>\n<li style=\"font-weight: 400;\"><span style=\"font-weight: 400;\">La P\u00e1gina Web utiliza las siguientes cookies propias:\u00a0<\/span><\/li>\n<\/ul>\n<p>&nbsp;<\/p>\n<ul>\n<li style=\"font-weight: 400;\"><b>Cookies t\u00e9cnicas<\/b><span style=\"font-weight: 400;\"> (siempre activadas): Son aqu\u00e9llas que permiten al Usuario la navegaci\u00f3n a trav\u00e9s de una p\u00e1gina web y la utilizaci\u00f3n de las diferentes opciones o servicios que en ella existan como, por ejemplo, controlar el tr\u00e1fico y la comunicaci\u00f3n de datos, identificar la sesi\u00f3n, acceder a partes de acceso restringido, etc.<\/span><\/li>\n<\/ul>\n<p>&nbsp;<\/p>\n<ul>\n<li style=\"font-weight: 400;\"><b>Cookies de personalizaci\u00f3n y publicidad<\/b><span style=\"font-weight: 400;\">: Son aqu\u00e9llas que permiten al Usuario acceder a la P\u00e1gina Web servicio con algunas caracter\u00edsticas de car\u00e1cter general predefinidas, como por ejemplo serian el idioma, el tipo de navegador a trav\u00e9s del cual accede al servicio, la configuraci\u00f3n regional desde donde accede al servicio, etc. Estas cookies tambi\u00e9n se utilizan para hacer que los mensajes publicitarios sean m\u00e1s relevantes para los Usuarios y sus intereses.<\/span><\/li>\n<\/ul>\n<p>&nbsp;<\/p>\n<ul>\n<li style=\"font-weight: 400;\"><b>Cookies de an\u00e1lisis<\/b><span style=\"font-weight: 400;\">: Son aqu\u00e9llas que permiten el seguimiento y an\u00e1lisis del comportamiento del usuario. La informaci\u00f3n recogida mediante este tipo de cookies se utiliza en la medici\u00f3n de la actividad de la P\u00e1gina Web y para la elaboraci\u00f3n de perfiles de navegaci\u00f3n de los Usuarios, con el fin de introducir mejoras.<\/span><\/li>\n<\/ul>\n<p>&nbsp;<\/p>\n<ul>\n<li style=\"font-weight: 400;\"><span style=\"font-weight: 400;\">Adem\u00e1s, la P\u00e1gina Web utiliza las siguientes <\/span><b>cookies y tecnolog\u00edas de terceros<\/b><span style=\"font-weight: 400;\">, que en funci\u00f3n de su finalidad son las siguientes:<\/span><\/li>\n<\/ul>\n<p>&nbsp;<\/p>\n<table class=\"table table-bordered cookiestable\">\n<thead>\n<tr class=\"border\">\n<td><b>Finalidad de la cookie<\/b><\/td>\n<td colspan=\"2\"><b>Nombre de la cookie<\/b><\/td>\n<td><b>Descripci\u00f3n<\/b><\/td>\n<td colspan=\"2\"><b>Origen\/Tercero titular<\/b><\/td>\n<td><b>Duraci\u00f3n<\/b><\/td>\n<\/tr>\n<\/thead>\n<tbody class=\"border\">\n<tr>\n<td rowspan=\"3\"><span style=\"font-weight: 400;\">Anal\u00edticas<\/span><\/td>\n<td colspan=\"2\"><span style=\"font-weight: 400;\">_ga<\/span><\/td>\n<td><span style=\"font-weight: 400;\">Se usa para distinguir a los usuarios<\/span><\/td>\n<td colspan=\"2\"><span style=\"font-weight: 400;\">\u00a0Google Analytics<\/span><\/td>\n<td><span style=\"font-weight: 400;\">\u00a02 a\u00f1os<\/span><\/td>\n<\/tr>\n<tr>\n<td colspan=\"2\"><span style=\"font-weight: 400;\">_gid<\/span><\/td>\n<td><span style=\"font-weight: 400;\">Se usa para distinguir a los usuarios.<\/span><\/td>\n<td colspan=\"2\"><span style=\"font-weight: 400;\">\u00a0Google Analytics<\/span><\/td>\n<td><span style=\"font-weight: 400;\">\u00a024 horas<\/span><\/td>\n<\/tr>\n<tr>\n<td colspan=\"2\"><span style=\"font-weight: 400;\">_gat<\/span><\/td>\n<td><span style=\"font-weight: 400;\">Se usa para limitar el porcentaje de solicitudes. Si se ha implementado Google Analytics mediante Google Tag Manager, esta cookie se llamar\u00e1 _dc_gtm_.<\/span><\/td>\n<td colspan=\"2\"><span style=\"font-weight: 400;\">\u00a0Google Analytics<\/span><\/td>\n<td><span style=\"font-weight: 400;\">\u00a01 minuto <\/span><\/td>\n<\/tr>\n<tr>\n<td rowspan=\"5\"><span style=\"font-weight: 400;\">T\u00e9cnicas<\/span><\/td>\n<td colspan=\"2\"><span style=\"font-weight: 400;\">\u00a0awe_anon-client-id<\/span><\/td>\n<td><span style=\"font-weight: 400;\">\u00a0Informaci\u00f3n sobre lo que hace el usuario durante una sola sesi\u00f3n. Las cookie se almacenan temporalmente en la memoria y se eliminan autom\u00e1ticamente cuando el navegador se cierra o finaliza la sesi\u00f3n.<\/span><\/td>\n<td colspan=\"2\"><span style=\"font-weight: 400;\">\u00a0Areas<\/span><\/td>\n<td><span style=\"font-weight: 400;\">\u00a0Sesi\u00f3n<\/span><\/td>\n<\/tr>\n<tr>\n<td colspan=\"2\"><span style=\"font-weight: 400;\">awe-cookie-authorization_is-set<\/span><\/td>\n<td rowspan=\"4\"><span style=\"font-weight: 400; text-align: center;\">Administraci\u00f3n de las respuestas del usuario a las preferencias de cookies<\/span><\/td>\n<td colspan=\"2\" rowspan=\"4\"><span style=\"font-weight: 400;\"> Areas <\/span><\/td>\n<td rowspan=\"4\"><span style=\"font-weight: 400;\"> 30 d\u00edas <\/span><\/td>\n<\/tr>\n<tr>\n<td colspan=\"2\"><span style=\"font-weight: 400;\">awe-cookie-authorization_perf-track<\/span><\/td>\n<\/tr>\n<tr>\n<td colspan=\"2\"><span style=\"font-weight: 400;\">awe-cookie-authorization_required<\/span><\/td>\n<\/tr>\n<tr>\n<td colspan=\"2\"><span style=\"font-weight: 400;\">awe-cookie-authorization_user-pref<\/span><\/td>\n<\/tr>\n<tr>\n<td rowspan=\"2\"><span style=\"font-weight: 400;\">Otras<\/span><\/td>\n<td><span style=\"font-weight: 400;\">ModalShown<\/span><\/td>\n<td colspan=\"2\"><span style=\"font-weight: 400;\"> Pop-up para las preferencia del usuario en cuanto a las cookies<\/span><\/td>\n<td><span style=\"font-weight: 400;\"> Areas <\/span><\/td>\n<td colspan=\"2\"><span style=\"font-weight: 400;\"> 30 d\u00edas<\/span><\/td>\n<\/tr>\n<tr>\n<td><span style=\"font-weight: 400;\">IDE<\/span><\/td>\n<td colspan=\"2\"><span style=\"font-weight: 400;\"> Personalizaci\u00f3n de anuncios<\/span><\/td>\n<td><span style=\"font-weight: 400;\"> doubleclick.net <\/span><\/td>\n<td colspan=\"2\"><span style=\"font-weight: 400;\"> 25 d\u00edas<\/span><\/td>\n<\/tr>\n<\/tbody>\n<\/table>\n<p>&nbsp;<\/p>\n<p><span style=\"font-weight: 400;\">Para m\u00e1s informaci\u00f3n sobre las cookies de terceros el Usuario puede visitar:\u00a0<\/span><\/p>\n<ul>\n<li style=\"font-weight: 400;\"><em><a style=\"font-weight: 400;\" href=\"https:\/\/developers.google.com\/analytics\/devguides\/collection\/analyticsjs\/cookie-usage\" target=\"_blank\" rel=\"noopener noreferrer\">Google<\/a><a style=\"font-weight: 400;\" href=\"https:\/\/developers.google.com\/analytics\/devguides\/collection\/analyticsjs\/cookie-usage\" target=\"_blank\" rel=\"noopener noreferrer\"> Analytics<\/a><span style=\"font-weight: 400;\">\u00a0<\/span><\/em><\/li>\n<li style=\"font-weight: 400;\"><em><a style=\"font-weight: 400;\" href=\"https:\/\/policies.google.com\/technologies\/types\" target=\"_blank\" rel=\"noopener noreferrer\">Google<\/a><span style=\"font-weight: 400;\">\u00a0<\/span><\/em><\/li>\n<\/ul>\n<p>&nbsp;<\/p>\n<p><span style=\"font-weight: 400;\">Ni esta P\u00e1gina Web ni sus representantes legales se hacen responsables ni del contenido ni de la veracidad de las pol\u00edticas de privacidad que puedan tener los terceros mencionados en esta Pol\u00edtica de Cookies. Los navegadores web son las herramientas encargadas de almacenar las cookies y desde este lugar <\/span><span style=\"font-weight: 400;\">deben<\/span> <span style=\"font-weight: 400;\">ejercer<\/span><span style=\"font-weight: 400;\"> los Usuarios su derecho a la eliminaci\u00f3n o desactivaci\u00f3n de las mismas. Ni esta P\u00e1gina Web ni sus representantes legales pueden garantizar la correcta o incorrecta manipulaci\u00f3n de las cookies por parte de dichos navegadores. En algunos casos, resulta necesario instalar cookies para que el navegador no olvide su decisi\u00f3n de no aceptaci\u00f3n de las mismas.<\/span><\/p>\n<p>&nbsp;<\/p>\n<p><b>\u00bfQui\u00e9n utiliza las cookies?<\/b><\/p>\n<p><span style=\"font-weight: 400;\">La informaci\u00f3n obtenida a trav\u00e9s de las cookies ser\u00e1 recogida y tratada por \u00c1REAS, S.A.U., con domicilio social en Av. Diagonal 579-587, 08014 de Barcelona y con direcci\u00f3n de correo electr\u00f3nico <\/span><a href=\"mailto:gdpr-contact@areas.com\"><span style=\"font-weight: 400;\">gdpr-contact@areas.com<\/span><\/a><span style=\"font-weight: 400;\"> para la correcta gesti\u00f3n de esta P\u00e1gina Web.<\/span><\/p>\n<p><b>\u00bfC\u00f3mo se pueden desactivar las cookies?<\/b><\/p>\n<p><span style=\"font-weight: 400;\">El Usuario puede bloquear o eliminar cookies a trav\u00e9s del explorador de internet, pero si lo hace puede haber alg\u00fan problema al utilizar o cargar la plataforma.\u00a0<\/span><\/p>\n<p><span style=\"font-weight: 400;\">La configuraci\u00f3n del explorador de internet a tal efecto depender\u00e1 del navegador que est\u00e9 utilizando. A continuaci\u00f3n, le facilitamos enlaces a las instrucciones que ofrecen los principales navegadores para eliminar cookies:\u00a0<\/span><\/p>\n<ul>\n<li style=\"font-weight: 400;\"><span style=\"font-weight: 400;\">Internet Explorer: <\/span><a href=\"https:\/\/windows.microsoft.com\/es-ES\/internet-explorer\/delete-manage-cookies#ie=ie-11-win-7\"><span style=\"font-weight: 400;\">https:\/\/windows.microsoft.com\/es-ES\/internet-explorer\/delete-manage-cookies#ie=ie-11-win-7<\/span><\/a><span style=\"font-weight: 400;\">\u00a0<\/span><\/li>\n<li style=\"font-weight: 400;\"><span style=\"font-weight: 400;\">Firefox: <\/span><a href=\"https:\/\/support.mozilla.org\/es\/kb\/Borrar%20cookies\"><span style=\"font-weight: 400;\">https:\/\/support.mozilla.org\/es\/kb\/Borrar%20cookies<\/span><\/a><span style=\"font-weight: 400;\">\u00a0<\/span><\/li>\n<li style=\"font-weight: 400;\"><span style=\"font-weight: 400;\">Chrome: <\/span><a href=\"https:\/\/support.google.com\/chrome\/answer\/95647\"><span style=\"font-weight: 400;\">https:\/\/support.google.com\/chrome\/answer\/95647<\/span><\/a><span style=\"font-weight: 400;\">\u00a0<\/span><\/li>\n<\/ul>\n<p>&nbsp;<\/p>\n<p><b>Cambios en la Pol\u00edtica de Cookies<\/b><\/p>\n<p>\u00c1REAS puede modificar esta Pol\u00edtica de Cookies en funci\u00f3n de nuevas exigencias legislativas, reglamentarias, o con la finalidad de adaptar dicha pol\u00edtica a las instrucciones de las autoridades de control en materia de protecci\u00f3n de datos. Cuando se produzcan cambios significativos en esta Pol\u00edtica de Cookies, se comunicar\u00e1n a los Usuarios mediante un aviso informativo en la P\u00e1gina Web. Para cualquier duda o consulta acerca de esta Pol\u00edtica de Cookies, no dude en comunicarse con nosotros envi\u00e1ndonos un email a   <a href=\"mailto:gdpr-contact@areas.com\">gdpr-contact@areas.com<\/a>.<\/p>\n<\/div>\n","protected":false},"excerpt":{"rendered":"<p>\u00bfQu\u00e9 es una cookie? Las cookies son peque\u00f1as cantidades de informaci\u00f3n que se almacenan en el navegador utilizado por cada usuario (en adelante, el \u00abUsuario\u00bb o los \u00abUsuarios\u00bb) para que el s","protected":false},"author":2,"featured_media":0,"parent":0,"menu_order":0,"comment_status":"closed","ping_status":"closed","template":"temaplates\/page-full-width.php","meta":[],"acf":[],"yoast_head":"<!-- This site is optimized with the Yoast SEO plugin v17.6 - https:\/\/yoast.com\/wordpress\/plugins\/seo\/ -->\n<title>Pol\u00edtica de Cookies - Areas | Spain<\/title>\n<meta name=\"robots\" content=\"index, follow, max-snippet:-1, max-image-preview:large, max-video-preview:-1\" \/>\n<link rel=\"canonical\" href=\"https:\/\/es.areas.com\/es\/politica-de-cookies\/\" \/>\n<meta property=\"og:locale\" content=\"es_ES\" \/>\n<meta property=\"og:type\" content=\"article\" \/>\n<meta property=\"og:title\" content=\"Pol\u00edtica de Cookies - Areas | Spain\" \/>\n<meta property=\"og:description\" content=\"\u00bfQu\u00e9 es una cookie? Las cookies son peque\u00f1as cantidades de informaci\u00f3n que se almacenan en el navegador utilizado por cada usuario (en adelante, el \u00abUsuario\u00bb o los \u00abUsuarios\u00bb) para que el servidor recuerde cierta informaci\u00f3n que posteriormente \u00fanicamente el servidor que la implement\u00f3 leer\u00e1. Las cookies tienen, generalmente, una duraci\u00f3n limitada en el tiempo. Las[...]\" \/>\n<meta property=\"og:url\" content=\"https:\/\/es.areas.com\/es\/politica-de-cookies\/\" \/>\n<meta property=\"og:site_name\" content=\"Areas | Spain\" \/>\n<meta property=\"article:modified_time\" content=\"2023-06-13T08:32:46+00:00\" \/>\n<meta name=\"twitter:card\" content=\"summary_large_image\" \/>\n<meta name=\"twitter:site\" content=\"@areas_ES\" \/>\n<meta name=\"twitter:label1\" content=\"Est. reading time\" \/>\n\t<meta name=\"twitter:data1\" content=\"5 minutos\" \/>\n<script type=\"application\/ld+json\" class=\"yoast-schema-graph\">{\"@context\":\"https:\/\/schema.org\",\"@graph\":[{\"@type\":\"WebSite\",\"@id\":\"https:\/\/es.areas.com\/es\/#website\",\"url\":\"https:\/\/es.areas.com\/es\/\",\"name\":\"Areas | Spain\",\"description\":\"Just another Sites Areas  site\",\"potentialAction\":[{\"@type\":\"SearchAction\",\"target\":{\"@type\":\"EntryPoint\",\"urlTemplate\":\"https:\/\/es.areas.com\/es\/?s={search_term_string}\"},\"query-input\":\"required name=search_term_string\"}],\"inLanguage\":\"es\"},{\"@type\":\"WebPage\",\"@id\":\"https:\/\/es.areas.com\/es\/politica-de-cookies\/#webpage\",\"url\":\"https:\/\/es.areas.com\/es\/politica-de-cookies\/\",\"name\":\"Pol\\u00edtica de Cookies - Areas | Spain\",\"isPartOf\":{\"@id\":\"https:\/\/es.areas.com\/es\/#website\"},\"datePublished\":\"2019-10-29T14:34:17+00:00\",\"dateModified\":\"2023-06-13T08:32:46+00:00\",\"breadcrumb\":{\"@id\":\"https:\/\/es.areas.com\/es\/politica-de-cookies\/#breadcrumb\"},\"inLanguage\":\"es\",\"potentialAction\":[{\"@type\":\"ReadAction\",\"target\":[\"https:\/\/es.areas.com\/es\/politica-de-cookies\/\"]}]},{\"@type\":\"BreadcrumbList\",\"@id\":\"https:\/\/es.areas.com\/es\/politica-de-cookies\/#breadcrumb\",\"itemListElement\":[{\"@type\":\"ListItem\",\"position\":1,\"name\":\"Home\",\"item\":\"https:\/\/es.areas.com\/es\/\"},{\"@type\":\"ListItem\",\"position\":2,\"name\":\"Pol\\u00edtica de Cookies\"}]}]}<\/script>\n<!-- \/ Yoast SEO plugin. -->","yoast_head_json":{"title":"Pol\u00edtica de Cookies - Areas | Spain","robots":{"index":"index","follow":"follow","max-snippet":"max-snippet:-1","max-image-preview":"max-image-preview:large","max-video-preview":"max-video-preview:-1"},"canonical":"https:\/\/es.areas.com\/es\/politica-de-cookies\/","og_locale":"es_ES","og_type":"article","og_title":"Pol\u00edtica de Cookies - Areas | Spain","og_description":"\u00bfQu\u00e9 es una cookie? Las cookies son peque\u00f1as cantidades de informaci\u00f3n que se almacenan en el navegador utilizado por cada usuario (en adelante, el \u00abUsuario\u00bb o los \u00abUsuarios\u00bb) para que el servidor recuerde cierta informaci\u00f3n que posteriormente \u00fanicamente el servidor que la implement\u00f3 leer\u00e1. Las cookies tienen, generalmente, una duraci\u00f3n limitada en el tiempo. Las[...]","og_url":"https:\/\/es.areas.com\/es\/politica-de-cookies\/","og_site_name":"Areas | Spain","article_modified_time":"2023-06-13T08:32:46+00:00","twitter_card":"summary_large_image","twitter_site":"@areas_ES","twitter_misc":{"Est. reading time":"5 minutos"},"schema":{"@context":"https:\/\/schema.org","@graph":[{"@type":"WebSite","@id":"https:\/\/es.areas.com\/es\/#website","url":"https:\/\/es.areas.com\/es\/","name":"Areas | Spain","description":"Just another Sites Areas  site","potentialAction":[{"@type":"SearchAction","target":{"@type":"EntryPoint","urlTemplate":"https:\/\/es.areas.com\/es\/?s={search_term_string}"},"query-input":"required name=search_term_string"}],"inLanguage":"es"},{"@type":"WebPage","@id":"https:\/\/es.areas.com\/es\/politica-de-cookies\/#webpage","url":"https:\/\/es.areas.com\/es\/politica-de-cookies\/","name":"Pol\u00edtica de Cookies - Areas | Spain","isPartOf":{"@id":"https:\/\/es.areas.com\/es\/#website"},"datePublished":"2019-10-29T14:34:17+00:00","dateModified":"2023-06-13T08:32:46+00:00","breadcrumb":{"@id":"https:\/\/es.areas.com\/es\/politica-de-cookies\/#breadcrumb"},"inLanguage":"es","potentialAction":[{"@type":"ReadAction","target":["https:\/\/es.areas.com\/es\/politica-de-cookies\/"]}]},{"@type":"BreadcrumbList","@id":"https:\/\/es.areas.com\/es\/politica-de-cookies\/#breadcrumb","itemListElement":[{"@type":"ListItem","position":1,"name":"Home","item":"https:\/\/es.areas.com\/es\/"},{"@type":"ListItem","position":2,"name":"Pol\u00edtica de Cookies"}]}]}},"_links":{"self":[{"href":"https:\/\/es.areas.com\/es\/wp-json\/wp\/v2\/pages\/6708"}],"collection":[{"href":"https:\/\/es.areas.com\/es\/wp-json\/wp\/v2\/pages"}],"about":[{"href":"https:\/\/es.areas.com\/es\/wp-json\/wp\/v2\/types\/page"}],"author":[{"embeddable":true,"href":"https:\/\/es.areas.com\/es\/wp-json\/wp\/v2\/users\/2"}],"replies":[{"embeddable":true,"href":"https:\/\/es.areas.com\/es\/wp-json\/wp\/v2\/comments?post=6708"}],"version-history":[{"count":17,"href":"https:\/\/es.areas.com\/es\/wp-json\/wp\/v2\/pages\/6708\/revisions"}],"predecessor-version":[{"id":10208,"href":"https:\/\/es.areas.com\/es\/wp-json\/wp\/v2\/pages\/6708\/revisions\/10208"}],"wp:attachment":[{"href":"https:\/\/es.areas.com\/es\/wp-json\/wp\/v2\/media?parent=6708"}],"curies":[{"name":"wp","href":"https:\/\/api.w.org\/{rel}","templated":true}]}}