{"id":65,"date":"2019-09-12T13:35:50","date_gmt":"2019-09-12T13:35:50","guid":{"rendered":"https:\/\/es.areas.com\/?page_id=65"},"modified":"2026-03-09T13:49:36","modified_gmt":"2026-03-09T12:49:36","slug":"perfil","status":"publish","type":"page","link":"https:\/\/es.areas.com\/es\/perfil\/","title":{"rendered":"Perfil"},"content":{"rendered":"","protected":false},"excerpt":{"rendered":"","protected":false},"author":2,"featured_media":76,"parent":0,"menu_order":1,"comment_status":"closed","ping_status":"closed","template":"temaplates\/page-full-width.php","meta":[],"acf":[],"yoast_head":"<!-- This site is optimized with the Yoast SEO plugin v17.6 - https:\/\/yoast.com\/wordpress\/plugins\/seo\/ -->\n<title>Perfil - Areas | Spain<\/title>\n<meta name=\"description\" content=\"Areas es l\u00edder internacional en restauraci\u00f3n y retail en el mundo de los viajes . Con presencia en 11 pa\u00edses, la compa\u00f1\u00eda gestiona m\u00e1s de 2.000 restaurantes y tiendas en Europa y Am\u00e9rica.\" \/>\n<meta name=\"robots\" content=\"index, follow, max-snippet:-1, max-image-preview:large, max-video-preview:-1\" \/>\n<link rel=\"canonical\" href=\"https:\/\/es.areas.com\/es\/perfil\/\" \/>\n<meta property=\"og:locale\" content=\"es_ES\" \/>\n<meta property=\"og:type\" content=\"article\" \/>\n<meta property=\"og:title\" content=\"Perfil - Areas | Spain\" \/>\n<meta property=\"og:description\" content=\"Areas es l\u00edder internacional en restauraci\u00f3n y retail en el mundo de los viajes . Con presencia en 11 pa\u00edses, la compa\u00f1\u00eda gestiona m\u00e1s de 2.000 restaurantes y tiendas en Europa y Am\u00e9rica.\" \/>\n<meta property=\"og:url\" content=\"https:\/\/es.areas.com\/es\/perfil\/\" \/>\n<meta property=\"og:site_name\" content=\"Areas | Spain\" \/>\n<meta property=\"article:modified_time\" content=\"2026-03-09T12:49:36+00:00\" \/>\n<meta property=\"og:image\" content=\"https:\/\/es.areas.com\/wp-content\/uploads\/sites\/6\/2019\/09\/quienes_somos_perfil_head.jpg\" \/>\n\t<meta property=\"og:image:width\" content=\"1600\" \/>\n\t<meta property=\"og:image:height\" content=\"450\" \/>\n<meta name=\"twitter:card\" content=\"summary_large_image\" \/>\n<meta name=\"twitter:site\" content=\"@areas_ES\" \/>\n<script type=\"application\/ld+json\" class=\"yoast-schema-graph\">{\"@context\":\"https:\/\/schema.org\",\"@graph\":[{\"@type\":\"WebSite\",\"@id\":\"https:\/\/es.areas.com\/es\/#website\",\"url\":\"https:\/\/es.areas.com\/es\/\",\"name\":\"Areas | Spain\",\"description\":\"Just another Sites Areas  site\",\"potentialAction\":[{\"@type\":\"SearchAction\",\"target\":{\"@type\":\"EntryPoint\",\"urlTemplate\":\"https:\/\/es.areas.com\/es\/?s={search_term_string}\"},\"query-input\":\"required name=search_term_string\"}],\"inLanguage\":\"es\"},{\"@type\":\"ImageObject\",\"@id\":\"https:\/\/es.areas.com\/es\/perfil\/#primaryimage\",\"inLanguage\":\"es\",\"url\":\"https:\/\/es.areas.com\/wp-content\/uploads\/sites\/6\/2019\/09\/quienes_somos_perfil_head.jpg\",\"contentUrl\":\"https:\/\/es.areas.com\/wp-content\/uploads\/sites\/6\/2019\/09\/quienes_somos_perfil_head.jpg\",\"width\":1600,\"height\":450},{\"@type\":\"WebPage\",\"@id\":\"https:\/\/es.areas.com\/es\/perfil\/#webpage\",\"url\":\"https:\/\/es.areas.com\/es\/perfil\/\",\"name\":\"Perfil - Areas | Spain\",\"isPartOf\":{\"@id\":\"https:\/\/es.areas.com\/es\/#website\"},\"primaryImageOfPage\":{\"@id\":\"https:\/\/es.areas.com\/es\/perfil\/#primaryimage\"},\"datePublished\":\"2019-09-12T13:35:50+00:00\",\"dateModified\":\"2026-03-09T12:49:36+00:00\",\"description\":\"Areas es l\\u00edder internacional en restauraci\\u00f3n y retail en el mundo de los viajes . Con presencia en 11 pa\\u00edses, la compa\\u00f1\\u00eda gestiona m\\u00e1s de 2.000 restaurantes y tiendas en Europa y Am\\u00e9rica.\",\"breadcrumb\":{\"@id\":\"https:\/\/es.areas.com\/es\/perfil\/#breadcrumb\"},\"inLanguage\":\"es\",\"potentialAction\":[{\"@type\":\"ReadAction\",\"target\":[\"https:\/\/es.areas.com\/es\/perfil\/\"]}]},{\"@type\":\"BreadcrumbList\",\"@id\":\"https:\/\/es.areas.com\/es\/perfil\/#breadcrumb\",\"itemListElement\":[{\"@type\":\"ListItem\",\"position\":1,\"name\":\"Home\",\"item\":\"https:\/\/es.areas.com\/es\/\"},{\"@type\":\"ListItem\",\"position\":2,\"name\":\"Perfil\"}]}]}<\/script>\n<!-- \/ Yoast SEO plugin. -->","yoast_head_json":{"title":"Perfil - Areas | Spain","description":"Areas es l\u00edder internacional en restauraci\u00f3n y retail en el mundo de los viajes . Con presencia en 11 pa\u00edses, la compa\u00f1\u00eda gestiona m\u00e1s de 2.000 restaurantes y tiendas en Europa y Am\u00e9rica.","robots":{"index":"index","follow":"follow","max-snippet":"max-snippet:-1","max-image-preview":"max-image-preview:large","max-video-preview":"max-video-preview:-1"},"canonical":"https:\/\/es.areas.com\/es\/perfil\/","og_locale":"es_ES","og_type":"article","og_title":"Perfil - Areas | Spain","og_description":"Areas es l\u00edder internacional en restauraci\u00f3n y retail en el mundo de los viajes . Con presencia en 11 pa\u00edses, la compa\u00f1\u00eda gestiona m\u00e1s de 2.000 restaurantes y tiendas en Europa y Am\u00e9rica.","og_url":"https:\/\/es.areas.com\/es\/perfil\/","og_site_name":"Areas | Spain","article_modified_time":"2026-03-09T12:49:36+00:00","og_image":[{"width":1600,"height":450,"url":"https:\/\/es.areas.com\/wp-content\/uploads\/sites\/6\/2019\/09\/quienes_somos_perfil_head.jpg","type":"image\/jpeg"}],"twitter_card":"summary_large_image","twitter_site":"@areas_ES","schema":{"@context":"https:\/\/schema.org","@graph":[{"@type":"WebSite","@id":"https:\/\/es.areas.com\/es\/#website","url":"https:\/\/es.areas.com\/es\/","name":"Areas | Spain","description":"Just another Sites Areas  site","potentialAction":[{"@type":"SearchAction","target":{"@type":"EntryPoint","urlTemplate":"https:\/\/es.areas.com\/es\/?s={search_term_string}"},"query-input":"required name=search_term_string"}],"inLanguage":"es"},{"@type":"ImageObject","@id":"https:\/\/es.areas.com\/es\/perfil\/#primaryimage","inLanguage":"es","url":"https:\/\/es.areas.com\/wp-content\/uploads\/sites\/6\/2019\/09\/quienes_somos_perfil_head.jpg","contentUrl":"https:\/\/es.areas.com\/wp-content\/uploads\/sites\/6\/2019\/09\/quienes_somos_perfil_head.jpg","width":1600,"height":450},{"@type":"WebPage","@id":"https:\/\/es.areas.com\/es\/perfil\/#webpage","url":"https:\/\/es.areas.com\/es\/perfil\/","name":"Perfil - Areas | Spain","isPartOf":{"@id":"https:\/\/es.areas.com\/es\/#website"},"primaryImageOfPage":{"@id":"https:\/\/es.areas.com\/es\/perfil\/#primaryimage"},"datePublished":"2019-09-12T13:35:50+00:00","dateModified":"2026-03-09T12:49:36+00:00","description":"Areas es l\u00edder internacional en restauraci\u00f3n y retail en el mundo de los viajes . Con presencia en 11 pa\u00edses, la compa\u00f1\u00eda gestiona m\u00e1s de 2.000 restaurantes y tiendas en Europa y Am\u00e9rica.","breadcrumb":{"@id":"https:\/\/es.areas.com\/es\/perfil\/#breadcrumb"},"inLanguage":"es","potentialAction":[{"@type":"ReadAction","target":["https:\/\/es.areas.com\/es\/perfil\/"]}]},{"@type":"BreadcrumbList","@id":"https:\/\/es.areas.com\/es\/perfil\/#breadcrumb","itemListElement":[{"@type":"ListItem","position":1,"name":"Home","item":"https:\/\/es.areas.com\/es\/"},{"@type":"ListItem","position":2,"name":"Perfil"}]}]}},"_links":{"self":[{"href":"https:\/\/es.areas.com\/es\/wp-json\/wp\/v2\/pages\/65"}],"collection":[{"href":"https:\/\/es.areas.com\/es\/wp-json\/wp\/v2\/pages"}],"about":[{"href":"https:\/\/es.areas.com\/es\/wp-json\/wp\/v2\/types\/page"}],"author":[{"embeddable":true,"href":"https:\/\/es.areas.com\/es\/wp-json\/wp\/v2\/users\/2"}],"replies":[{"embeddable":true,"href":"https:\/\/es.areas.com\/es\/wp-json\/wp\/v2\/comments?post=65"}],"version-history":[{"count":38,"href":"https:\/\/es.areas.com\/es\/wp-json\/wp\/v2\/pages\/65\/revisions"}],"predecessor-version":[{"id":12043,"href":"https:\/\/es.areas.com\/es\/wp-json\/wp\/v2\/pages\/65\/revisions\/12043"}],"wp:featuredmedia":[{"embeddable":true,"href":"https:\/\/es.areas.com\/es\/wp-json\/wp\/v2\/media\/76"}],"wp:attachment":[{"href":"https:\/\/es.areas.com\/es\/wp-json\/wp\/v2\/media?parent=65"}],"curies":[{"name":"wp","href":"https:\/\/api.w.org\/{rel}","templated":true}]}}