{"id":4,"date":"2019-09-10T09:16:35","date_gmt":"2019-09-10T09:16:35","guid":{"rendered":"https:\/\/es.areas.com\/?page_id=4"},"modified":"2026-04-02T08:33:19","modified_gmt":"2026-04-02T06:33:19","slug":"home","status":"publish","type":"page","link":"https:\/\/es.areas.com\/es\/","title":{"rendered":"Inicio"},"content":{"rendered":"","protected":false},"excerpt":{"rendered":"","protected":false},"author":1,"featured_media":0,"parent":0,"menu_order":0,"comment_status":"closed","ping_status":"closed","template":"temaplates\/page-full-width.php","meta":[],"acf":[],"yoast_head":"<!-- This site is optimized with the Yoast SEO plugin v17.6 - https:\/\/yoast.com\/wordpress\/plugins\/seo\/ -->\n<title>Revitalizamos la restauraci\u00f3n en los viajes | Areas en Espa\u00f1a<\/title>\n<meta name=\"description\" content=\"Operador l\u00edder en restauraci\u00f3n en el mundo de los viajes\" \/>\n<meta name=\"robots\" content=\"index, follow, max-snippet:-1, max-image-preview:large, max-video-preview:-1\" \/>\n<link rel=\"canonical\" href=\"https:\/\/es.areas.com\/es\/\" \/>\n<meta property=\"og:locale\" content=\"es_ES\" \/>\n<meta property=\"og:type\" content=\"article\" \/>\n<meta property=\"og:title\" content=\"Revitalizamos la restauraci\u00f3n en los viajes | Areas en Espa\u00f1a\" \/>\n<meta property=\"og:description\" content=\"Operador l\u00edder en restauraci\u00f3n en el mundo de los viajes\" \/>\n<meta property=\"og:url\" content=\"https:\/\/es.areas.com\/es\/\" \/>\n<meta property=\"og:site_name\" content=\"Areas | Spain\" \/>\n<meta property=\"article:modified_time\" content=\"2026-04-02T06:33:19+00:00\" \/>\n<meta name=\"twitter:card\" content=\"summary_large_image\" \/>\n<meta name=\"twitter:title\" content=\"Revitalizamos la restauraci\u00f3n en los viajes | Areas en Espa\u00f1a\" \/>\n<meta name=\"twitter:description\" content=\"Operador l\u00edder en restauraci\u00f3n en el mundo de los viajes\" \/>\n<meta name=\"twitter:image\" content=\"https:\/\/es.areas.com\/wp-content\/uploads\/sites\/6\/2019\/09\/Delicia-5.jpg\" \/>\n<meta name=\"twitter:site\" content=\"@areas_ES\" \/>\n<script type=\"application\/ld+json\" class=\"yoast-schema-graph\">{\"@context\":\"https:\/\/schema.org\",\"@graph\":[{\"@type\":\"WebSite\",\"@id\":\"https:\/\/es.areas.com\/es\/#website\",\"url\":\"https:\/\/es.areas.com\/es\/\",\"name\":\"Areas | Spain\",\"description\":\"Just another Sites Areas  site\",\"potentialAction\":[{\"@type\":\"SearchAction\",\"target\":{\"@type\":\"EntryPoint\",\"urlTemplate\":\"https:\/\/es.areas.com\/es\/?s={search_term_string}\"},\"query-input\":\"required name=search_term_string\"}],\"inLanguage\":\"es\"},{\"@type\":\"ImageObject\",\"@id\":\"https:\/\/es.areas.com\/es\/#primaryimage\",\"inLanguage\":\"es\",\"url\":\"https:\/\/es.areas.com\/wp-content\/uploads\/sites\/6\/2019\/09\/Delicia-5.jpg\",\"contentUrl\":\"https:\/\/es.areas.com\/wp-content\/uploads\/sites\/6\/2019\/09\/Delicia-5.jpg\",\"width\":5769,\"height\":3851,\"caption\":\"Deli&Cia Aeropuerto de Barcelona\"},{\"@type\":\"WebPage\",\"@id\":\"https:\/\/es.areas.com\/es\/#webpage\",\"url\":\"https:\/\/es.areas.com\/es\/\",\"name\":\"Revitalizamos la restauraci\\u00f3n en los viajes | Areas en Espa\\u00f1a\",\"isPartOf\":{\"@id\":\"https:\/\/es.areas.com\/es\/#website\"},\"datePublished\":\"2019-09-10T09:16:35+00:00\",\"dateModified\":\"2026-04-02T06:33:19+00:00\",\"description\":\"Operador l\\u00edder en restauraci\\u00f3n en el mundo de los viajes\",\"breadcrumb\":{\"@id\":\"https:\/\/es.areas.com\/es\/#breadcrumb\"},\"inLanguage\":\"es\",\"potentialAction\":[{\"@type\":\"ReadAction\",\"target\":[\"https:\/\/es.areas.com\/es\/\"]}]},{\"@type\":\"BreadcrumbList\",\"@id\":\"https:\/\/es.areas.com\/es\/#breadcrumb\",\"itemListElement\":[{\"@type\":\"ListItem\",\"position\":1,\"name\":\"Home\",\"item\":\"https:\/\/es.areas.com\/es\/\"},{\"@type\":\"ListItem\",\"position\":2,\"name\":\"Inicio\"}]}]}<\/script>\n<!-- \/ Yoast SEO plugin. -->","yoast_head_json":{"title":"Revitalizamos la restauraci\u00f3n en los viajes | Areas en Espa\u00f1a","description":"Operador l\u00edder en restauraci\u00f3n en el mundo de los viajes","robots":{"index":"index","follow":"follow","max-snippet":"max-snippet:-1","max-image-preview":"max-image-preview:large","max-video-preview":"max-video-preview:-1"},"canonical":"https:\/\/es.areas.com\/es\/","og_locale":"es_ES","og_type":"article","og_title":"Revitalizamos la restauraci\u00f3n en los viajes | Areas en Espa\u00f1a","og_description":"Operador l\u00edder en restauraci\u00f3n en el mundo de los viajes","og_url":"https:\/\/es.areas.com\/es\/","og_site_name":"Areas | Spain","article_modified_time":"2026-04-02T06:33:19+00:00","twitter_card":"summary_large_image","twitter_title":"Revitalizamos la restauraci\u00f3n en los viajes | Areas en Espa\u00f1a","twitter_description":"Operador l\u00edder en restauraci\u00f3n en el mundo de los viajes","twitter_image":"https:\/\/es.areas.com\/wp-content\/uploads\/sites\/6\/2019\/09\/Delicia-5.jpg","twitter_site":"@areas_ES","schema":{"@context":"https:\/\/schema.org","@graph":[{"@type":"WebSite","@id":"https:\/\/es.areas.com\/es\/#website","url":"https:\/\/es.areas.com\/es\/","name":"Areas | Spain","description":"Just another Sites Areas  site","potentialAction":[{"@type":"SearchAction","target":{"@type":"EntryPoint","urlTemplate":"https:\/\/es.areas.com\/es\/?s={search_term_string}"},"query-input":"required name=search_term_string"}],"inLanguage":"es"},{"@type":"ImageObject","@id":"https:\/\/es.areas.com\/es\/#primaryimage","inLanguage":"es","url":"https:\/\/es.areas.com\/wp-content\/uploads\/sites\/6\/2019\/09\/Delicia-5.jpg","contentUrl":"https:\/\/es.areas.com\/wp-content\/uploads\/sites\/6\/2019\/09\/Delicia-5.jpg","width":5769,"height":3851,"caption":"Deli&Cia Aeropuerto de Barcelona"},{"@type":"WebPage","@id":"https:\/\/es.areas.com\/es\/#webpage","url":"https:\/\/es.areas.com\/es\/","name":"Revitalizamos la restauraci\u00f3n en los viajes | Areas en Espa\u00f1a","isPartOf":{"@id":"https:\/\/es.areas.com\/es\/#website"},"datePublished":"2019-09-10T09:16:35+00:00","dateModified":"2026-04-02T06:33:19+00:00","description":"Operador l\u00edder en restauraci\u00f3n en el mundo de los viajes","breadcrumb":{"@id":"https:\/\/es.areas.com\/es\/#breadcrumb"},"inLanguage":"es","potentialAction":[{"@type":"ReadAction","target":["https:\/\/es.areas.com\/es\/"]}]},{"@type":"BreadcrumbList","@id":"https:\/\/es.areas.com\/es\/#breadcrumb","itemListElement":[{"@type":"ListItem","position":1,"name":"Home","item":"https:\/\/es.areas.com\/es\/"},{"@type":"ListItem","position":2,"name":"Inicio"}]}]}},"_links":{"self":[{"href":"https:\/\/es.areas.com\/es\/wp-json\/wp\/v2\/pages\/4"}],"collection":[{"href":"https:\/\/es.areas.com\/es\/wp-json\/wp\/v2\/pages"}],"about":[{"href":"https:\/\/es.areas.com\/es\/wp-json\/wp\/v2\/types\/page"}],"author":[{"embeddable":true,"href":"https:\/\/es.areas.com\/es\/wp-json\/wp\/v2\/users\/1"}],"replies":[{"embeddable":true,"href":"https:\/\/es.areas.com\/es\/wp-json\/wp\/v2\/comments?post=4"}],"version-history":[{"count":62,"href":"https:\/\/es.areas.com\/es\/wp-json\/wp\/v2\/pages\/4\/revisions"}],"predecessor-version":[{"id":12050,"href":"https:\/\/es.areas.com\/es\/wp-json\/wp\/v2\/pages\/4\/revisions\/12050"}],"wp:attachment":[{"href":"https:\/\/es.areas.com\/es\/wp-json\/wp\/v2\/media?parent=4"}],"curies":[{"name":"wp","href":"https:\/\/api.w.org\/{rel}","templated":true}]}}