{"id":388,"date":"2019-09-12T15:49:18","date_gmt":"2019-09-12T15:49:18","guid":{"rendered":"https:\/\/es.areas.com\/?page_id=388"},"modified":"2026-02-16T10:52:35","modified_gmt":"2026-02-16T09:52:35","slug":"unete-al-equipo","status":"publish","type":"page","link":"https:\/\/es.areas.com\/es\/unete-al-equipo\/","title":{"rendered":"\u00danete al equipo"},"content":{"rendered":"","protected":false},"excerpt":{"rendered":"","protected":false},"author":2,"featured_media":10642,"parent":0,"menu_order":7,"comment_status":"closed","ping_status":"closed","template":"temaplates\/page-full-width.php","meta":[],"acf":[],"yoast_head":"<!-- This site is optimized with the Yoast SEO plugin v17.6 - https:\/\/yoast.com\/wordpress\/plugins\/seo\/ -->\n<title>\u00danete al equipo - Areas | Spain<\/title>\n<meta name=\"description\" content=\"Trabaja con nosotros en uno de nuestros m\u00e1s de 600 restaurantes y tiendas, y desarrolla tu carrera en una gran multinacional de la restauraci\u00f3n.\" \/>\n<meta name=\"robots\" content=\"index, follow, max-snippet:-1, max-image-preview:large, max-video-preview:-1\" \/>\n<link rel=\"canonical\" href=\"https:\/\/es.areas.com\/es\/unete-al-equipo\/\" \/>\n<meta property=\"og:locale\" content=\"es_ES\" \/>\n<meta property=\"og:type\" content=\"article\" \/>\n<meta property=\"og:title\" content=\"\u00danete al equipo - Areas | Spain\" \/>\n<meta property=\"og:description\" content=\"Trabaja con nosotros en uno de nuestros m\u00e1s de 600 restaurantes y tiendas, y desarrolla tu carrera en una gran multinacional de la restauraci\u00f3n.\" \/>\n<meta property=\"og:url\" content=\"https:\/\/es.areas.com\/es\/unete-al-equipo\/\" \/>\n<meta property=\"og:site_name\" content=\"Areas | Spain\" \/>\n<meta property=\"article:modified_time\" content=\"2026-02-16T09:52:35+00:00\" \/>\n<meta property=\"og:image\" content=\"https:\/\/es.areas.com\/wp-content\/uploads\/sites\/6\/2024\/01\/Areas-Web-RRSS-179-scaled.jpg\" \/>\n\t<meta property=\"og:image:width\" content=\"2560\" \/>\n\t<meta property=\"og:image:height\" content=\"1707\" \/>\n<meta name=\"twitter:card\" content=\"summary_large_image\" \/>\n<meta name=\"twitter:site\" content=\"@areas_ES\" \/>\n<script type=\"application\/ld+json\" class=\"yoast-schema-graph\">{\"@context\":\"https:\/\/schema.org\",\"@graph\":[{\"@type\":\"WebSite\",\"@id\":\"https:\/\/es.areas.com\/es\/#website\",\"url\":\"https:\/\/es.areas.com\/es\/\",\"name\":\"Areas | Spain\",\"description\":\"Just another Sites Areas  site\",\"potentialAction\":[{\"@type\":\"SearchAction\",\"target\":{\"@type\":\"EntryPoint\",\"urlTemplate\":\"https:\/\/es.areas.com\/es\/?s={search_term_string}\"},\"query-input\":\"required name=search_term_string\"}],\"inLanguage\":\"es\"},{\"@type\":\"ImageObject\",\"@id\":\"https:\/\/es.areas.com\/es\/unete-al-equipo\/#primaryimage\",\"inLanguage\":\"es\",\"url\":\"https:\/\/es.areas.com\/wp-content\/uploads\/sites\/6\/2024\/01\/Areas-Web-RRSS-179-scaled.jpg\",\"contentUrl\":\"https:\/\/es.areas.com\/wp-content\/uploads\/sites\/6\/2024\/01\/Areas-Web-RRSS-179-scaled.jpg\",\"width\":2560,\"height\":1707},{\"@type\":\"WebPage\",\"@id\":\"https:\/\/es.areas.com\/es\/unete-al-equipo\/#webpage\",\"url\":\"https:\/\/es.areas.com\/es\/unete-al-equipo\/\",\"name\":\"\\u00danete al equipo - Areas | Spain\",\"isPartOf\":{\"@id\":\"https:\/\/es.areas.com\/es\/#website\"},\"primaryImageOfPage\":{\"@id\":\"https:\/\/es.areas.com\/es\/unete-al-equipo\/#primaryimage\"},\"datePublished\":\"2019-09-12T15:49:18+00:00\",\"dateModified\":\"2026-02-16T09:52:35+00:00\",\"description\":\"Trabaja con nosotros en uno de nuestros m\\u00e1s de 600 restaurantes y tiendas, y desarrolla tu carrera en una gran multinacional de la restauraci\\u00f3n.\",\"breadcrumb\":{\"@id\":\"https:\/\/es.areas.com\/es\/unete-al-equipo\/#breadcrumb\"},\"inLanguage\":\"es\",\"potentialAction\":[{\"@type\":\"ReadAction\",\"target\":[\"https:\/\/es.areas.com\/es\/unete-al-equipo\/\"]}]},{\"@type\":\"BreadcrumbList\",\"@id\":\"https:\/\/es.areas.com\/es\/unete-al-equipo\/#breadcrumb\",\"itemListElement\":[{\"@type\":\"ListItem\",\"position\":1,\"name\":\"Home\",\"item\":\"https:\/\/es.areas.com\/es\/\"},{\"@type\":\"ListItem\",\"position\":2,\"name\":\"\\u00danete al equipo\"}]}]}<\/script>\n<!-- \/ Yoast SEO plugin. -->","yoast_head_json":{"title":"\u00danete al equipo - Areas | Spain","description":"Trabaja con nosotros en uno de nuestros m\u00e1s de 600 restaurantes y tiendas, y desarrolla tu carrera en una gran multinacional de la restauraci\u00f3n.","robots":{"index":"index","follow":"follow","max-snippet":"max-snippet:-1","max-image-preview":"max-image-preview:large","max-video-preview":"max-video-preview:-1"},"canonical":"https:\/\/es.areas.com\/es\/unete-al-equipo\/","og_locale":"es_ES","og_type":"article","og_title":"\u00danete al equipo - Areas | Spain","og_description":"Trabaja con nosotros en uno de nuestros m\u00e1s de 600 restaurantes y tiendas, y desarrolla tu carrera en una gran multinacional de la restauraci\u00f3n.","og_url":"https:\/\/es.areas.com\/es\/unete-al-equipo\/","og_site_name":"Areas | Spain","article_modified_time":"2026-02-16T09:52:35+00:00","og_image":[{"width":2560,"height":1707,"url":"https:\/\/es.areas.com\/wp-content\/uploads\/sites\/6\/2024\/01\/Areas-Web-RRSS-179-scaled.jpg","type":"image\/jpeg"}],"twitter_card":"summary_large_image","twitter_site":"@areas_ES","schema":{"@context":"https:\/\/schema.org","@graph":[{"@type":"WebSite","@id":"https:\/\/es.areas.com\/es\/#website","url":"https:\/\/es.areas.com\/es\/","name":"Areas | Spain","description":"Just another Sites Areas  site","potentialAction":[{"@type":"SearchAction","target":{"@type":"EntryPoint","urlTemplate":"https:\/\/es.areas.com\/es\/?s={search_term_string}"},"query-input":"required name=search_term_string"}],"inLanguage":"es"},{"@type":"ImageObject","@id":"https:\/\/es.areas.com\/es\/unete-al-equipo\/#primaryimage","inLanguage":"es","url":"https:\/\/es.areas.com\/wp-content\/uploads\/sites\/6\/2024\/01\/Areas-Web-RRSS-179-scaled.jpg","contentUrl":"https:\/\/es.areas.com\/wp-content\/uploads\/sites\/6\/2024\/01\/Areas-Web-RRSS-179-scaled.jpg","width":2560,"height":1707},{"@type":"WebPage","@id":"https:\/\/es.areas.com\/es\/unete-al-equipo\/#webpage","url":"https:\/\/es.areas.com\/es\/unete-al-equipo\/","name":"\u00danete al equipo - Areas | Spain","isPartOf":{"@id":"https:\/\/es.areas.com\/es\/#website"},"primaryImageOfPage":{"@id":"https:\/\/es.areas.com\/es\/unete-al-equipo\/#primaryimage"},"datePublished":"2019-09-12T15:49:18+00:00","dateModified":"2026-02-16T09:52:35+00:00","description":"Trabaja con nosotros en uno de nuestros m\u00e1s de 600 restaurantes y tiendas, y desarrolla tu carrera en una gran multinacional de la restauraci\u00f3n.","breadcrumb":{"@id":"https:\/\/es.areas.com\/es\/unete-al-equipo\/#breadcrumb"},"inLanguage":"es","potentialAction":[{"@type":"ReadAction","target":["https:\/\/es.areas.com\/es\/unete-al-equipo\/"]}]},{"@type":"BreadcrumbList","@id":"https:\/\/es.areas.com\/es\/unete-al-equipo\/#breadcrumb","itemListElement":[{"@type":"ListItem","position":1,"name":"Home","item":"https:\/\/es.areas.com\/es\/"},{"@type":"ListItem","position":2,"name":"\u00danete al equipo"}]}]}},"_links":{"self":[{"href":"https:\/\/es.areas.com\/es\/wp-json\/wp\/v2\/pages\/388"}],"collection":[{"href":"https:\/\/es.areas.com\/es\/wp-json\/wp\/v2\/pages"}],"about":[{"href":"https:\/\/es.areas.com\/es\/wp-json\/wp\/v2\/types\/page"}],"author":[{"embeddable":true,"href":"https:\/\/es.areas.com\/es\/wp-json\/wp\/v2\/users\/2"}],"replies":[{"embeddable":true,"href":"https:\/\/es.areas.com\/es\/wp-json\/wp\/v2\/comments?post=388"}],"version-history":[{"count":53,"href":"https:\/\/es.areas.com\/es\/wp-json\/wp\/v2\/pages\/388\/revisions"}],"predecessor-version":[{"id":11966,"href":"https:\/\/es.areas.com\/es\/wp-json\/wp\/v2\/pages\/388\/revisions\/11966"}],"wp:featuredmedia":[{"embeddable":true,"href":"https:\/\/es.areas.com\/es\/wp-json\/wp\/v2\/media\/10642"}],"wp:attachment":[{"href":"https:\/\/es.areas.com\/es\/wp-json\/wp\/v2\/media?parent=388"}],"curies":[{"name":"wp","href":"https:\/\/api.w.org\/{rel}","templated":true}]}}