{"id":2051,"date":"2019-09-20T11:32:58","date_gmt":"2019-09-20T11:32:58","guid":{"rendered":"http:\/\/es.areas.com\/?page_id=2051"},"modified":"2023-06-13T11:46:54","modified_gmt":"2023-06-13T09:46:54","slug":"aviso-legal","status":"publish","type":"page","link":"https:\/\/es.areas.com\/es\/aviso-legal\/","title":{"rendered":"Aviso legal"},"content":{"rendered":"<p><\/p>\n<div class=\"col-12 col-md-8 mx-auto\">\n<div class=\"text-center\">\n<h2 class=\"line-title\">AVISO LEGAL Y CONDICIONES GENERALES DE USO<\/h2>\n<p>&nbsp;<\/p>\n<\/div>\n<p><strong><u>Introducci\u00f3n <\/u><\/strong><br \/>\n\u00c1REAS, S.A.U. (en adelante, \u00ab\u00c1REAS\u00bb o la \u00abCompa\u00f1\u00eda\u00bb) es una sociedad mercantil de nacionalidad espa\u00f1ola con domicilio social en Esplugues de Llobregat, Edifici Il\u00b7lumina, c\/Gaspar F\u00e0bregas i Roses n\u00ba 81, planta 2 (08950) con NIF A-08225013. Se encuentra inscrita en el Registro Mercantil de Barcelona al Tomo 43308, folio 11, hoja n\u00famero B-33570.<\/p>\n<p>\u00c1REAS es la titular de los derechos de propiedad intelectual o de cualquier otro tipo sobre el portal accesible a trav\u00e9s de la p\u00e1gina web\u00a0<a href=\"es.areas.com\/\">es.areas.com\/<\/a> (en adelante, la \u00abP\u00e1gina\u00a0Web\u00bb).<\/p>\n<p>Las presentes condiciones de uso (en adelante, las \u00abCGU\u00bb) establecen la relaci\u00f3n del usuario (en adelante, el \u00abUsuario\u00bb) con la Compa\u00f1\u00eda, y rigen el acceso, navegaci\u00f3n y uso de la P\u00e1gina Web. Al acceder a la P\u00e1gina Web, el Usuario acepta las presentes CGU. En caso de que no est\u00e9 de acuerdo con las mismas, el Usuario debe abstenerse de acceder y utilizar la Pagina Web. De tener alguna duda sobre las CGU, puede contactarnos en <a href=\"mailto:gdpr-contact@areas.com\">gdpr-contact@areas.com<\/a> .<\/p>\n<p><strong><u>Finalidad de la P\u00e1gina Web<\/u><\/strong><br \/>\nLa finalidad de la P\u00e1gina Web es proporcionar informaci\u00f3n general y comercial sobre la Compa\u00f1\u00eda. La informaci\u00f3n facilitada a trav\u00e9s de la P\u00e1gina Web es orientativa y no exhaustiva. Asimismo, dicha informaci\u00f3n puede no estar actualizada en cada momento. El acceso a la P\u00e1gina Web es gratuito. No obstante, los servicios ofrecidos a trav\u00e9s de la P\u00e1gina Web pueden implicar consumo de datos. \u00c1REAS no se hace responsable de los costes derivados de la comunicaci\u00f3n y env\u00edo de datos o de la conexi\u00f3n a Internet en los que incurran los Usuarios. Los Usuarios podr\u00e1n consultar a sus operadores de telecomunicaciones para obtener mayor informaci\u00f3n al respecto.<\/p>\n<p><strong><u>Derechos de Propiedad Intelectual e Industrial <\/u><\/strong><br \/>\nTodos los derechos de Propiedad Intelectual e Industrial sobre la P\u00e1gina Web (incluida su informaci\u00f3n, textos, datos, planes de marketing u otros documentos de car\u00e1cter publicitario, modelos, gr\u00e1ficos, dise\u00f1os, software, im\u00e1genes, fotograf\u00edas, voces, sonidos, videos, contenidos multimedia, signos distintivos, marcas y otros contenidos de la P\u00e1gina Web) son titularidad de \u00c1REAS y\/o de sus licenciantes.<\/p>\n<p>Salvo en aquellos casos en los que se hayan concedido derechos o dichos derechos deriven de la ley, los \u00fanicos derechos que adquiere el Usuario sobre los citados derechos de propiedad Intelectual e industrial son los estrictamente necesarios para utilizar la P\u00e1gina Web, de conformidad con estas CGU. En consecuencia, los Usuarios reconocen y aceptan que la utilizaci\u00f3n de la P\u00e1gina Web no supone la cesi\u00f3n a su favor de ning\u00fan derecho de propiedad intelectual o industrial, tales como derechos de autor, marcas, dise\u00f1os u otros derechos de la P\u00e1gina Web; as\u00ed como tampoco constituye autorizaci\u00f3n alguna para la creaci\u00f3n de desarrollos derivados de la P\u00e1gina Web y\/o sus elementos, excepto por la licencia de uso limitada que se concede a los Usuarios para utilizar la P\u00e1gina Web en los t\u00e9rminos aqu\u00ed previstos.<\/p>\n<p>Asimismo, los Usuarios deber\u00e1n abstenerse en todo caso de suprimir, alterar, eludir o manipular cualquier dispositivo de protecci\u00f3n o sistemas de seguridad que puedan estar instalados en la P\u00e1gina Web.<\/p>\n<p><strong><u>Modificaciones de las CGU<\/u><\/strong><br \/>\n\u00c1REAS se reserva el derecho de modificar o actualizar las presentes CGU en cualquier momento. A tal efecto, proceder\u00e1 a incluir en la P\u00e1gina Web la nueva versi\u00f3n de las mismas para conocimiento general de los Usuarios.<\/p>\n<p><strong><u>Uso incorrecto de la P\u00e1gina Web<\/u><\/strong><br \/>\nEl Usuario se compromete a no hacer un mal uso de la P\u00e1gina Web. En particular, el Usuario se compromete a no llevar a cabo las siguientes actuaciones:<\/p>\n<ul>\n<li>Actividades contrarias a la Ley en vigor, a las presentes CGU, a la moral, las buenas costumbres o al orden p\u00fablico establecido, o con fines il\u00edcitos, prohibidos o lesivos de derechos e intereses de \u00c1REAS o de terceros. En particular, actividades que infrinjan los derechos de autor, los nombres o las marcas registradas, as\u00ed como los derechos de privacidad.<\/li>\n<li>Utilizar la P\u00e1gina Web o parte de la misma en otros sitios web privados o comerciales, as\u00ed como establecer hiperenlaces o hiperv\u00ednculos a la P\u00e1gina Web ni a ninguno de sus contenidos (salvo autorizaci\u00f3n expresa y por escrito de \u00c1REAS).<\/li>\n<li>Alterar, copiar, modificar, descompilar, desensamblar, realizar ingenier\u00eda inversa, otorgar licencias, arrendar, vender o imitar la P\u00e1gina Web o sus contenidos.<\/li>\n<li>Transmitir un virus u otro componente da\u00f1ino que perjudique, limite o da\u00f1e la P\u00e1gina Web o cualquier red conectada o que interfiera con el uso y disfrute de la P\u00e1gina Web por otros usuarios.<\/li>\n<\/ul>\n<p>\u00c1REAS se reserva el derecho a bloquear el acceso a cualquier Usuario en caso de que infrinja las presentes CGU, los derechos de terceros o la legislaci\u00f3n aplicable y, en particular, los compromisos estipulados en la presente cl\u00e1usula. \u00c1REAS conservar\u00e1 todos los dem\u00e1s derechos adicionales que pudieran corresponderle frente al Usuario, en especial los referentes al inicio de procedimientos penales o civiles.<\/p>\n<p><strong><u>Responsabilidades<\/u><\/strong><br \/>\nEl Usuario utiliza la P\u00e1gina Web por su propia cuenta y riesgo. Mediante su acceso, el Usuario se obliga a utilizar la P\u00e1gina Web conforme a la Ley, respondiendo frente a \u00c1REAS y\/o frente a terceros, de cualquier da\u00f1o o perjuicio que pudiera causarse como consecuencia del incumplimiento de dicha obligaci\u00f3n. En este sentido, \u00c1REAS no se hace responsable de ning\u00fan da\u00f1o o alteraci\u00f3n en los equipos del Usuario como resultado de la instalaci\u00f3n o el uso por su parte de la P\u00e1gina Web.<\/p>\n<p>En cualquier caso, el Usuario ser\u00e1 plenamente responsable de aquellos datos o contenidos que transmita o comunique a \u00c1REAS. \u00c1REAS no controla ni supervisa ninguno de los referidos contenidos, salvo que as\u00ed lo establezca el tribunal competente o una decisi\u00f3n administrativa, reserv\u00e1ndose el derecho de eliminarlos o impedir su visualizaci\u00f3n hasta que se demuestre la titularidad del material en cuesti\u00f3n o la legalidad del mismo.<\/p>\n<p>\u00c1REAS no se hace responsable de los posibles errores de seguridad que se puedan producir ni de los posibles da\u00f1os que puedan causarse al dispositivo del Usuario (hardware y software) y\/o a\u00a0 los ficheros o documentos almacenados en el mismo, como consecuencia de la presencia de virus en el dispositivo del Usuario utilizado para la conexi\u00f3n a los servicios y contenidos de la P\u00e1gina Web, de un mal funcionamiento de Internet, de aver\u00edas telef\u00f3nicas, interferencias, omisiones o desconexiones en el funcionamiento operativo de la P\u00e1gina Web motivados por causas ajenas a \u00c1REAS.<\/p>\n<p>La P\u00e1gina Web puede contener enlaces a otros sitios web e incorporar informaci\u00f3n y\/o servicios obtenidos de terceros. \u00c1REAS no ejerce control alguno sobre los mismos y no se responsabiliza de su contenido, su funcionamiento o de la transmisi\u00f3n recibida por parte de dichos terceros. \u00c1REAS ofrece al usuario dichos enlaces e informaci\u00f3n y\/o servicios \u00fanicamente para la comodidad del Usuario, siendo responsabilidad del mismo leer y aceptar los t\u00e9rminos de uso y pol\u00edticas de privacidad publicados en los sitios web o aplicaciones vinculados.<\/p>\n<p><strong><u>Independencia e integraci\u00f3n de las cl\u00e1usulas<\/u><\/strong><\/p>\n<p>La ilicitud, invalidez o ineficacia de cualquiera de las cl\u00e1usulas de las presentes CGU no afectar\u00e1 a la eficacia del resto, siempre que los derechos y obligaciones de las partes derivadas de las CGU no se vieran afectados de forma esencial. Se entiende por esencial cualquier situaci\u00f3n que lesione gravemente los intereses de cualquiera de las partes, o que recaiga sobre el objeto mismo las presentes CGU. Dichas cl\u00e1usulas deber\u00e1n reemplazarse o integrarse con otras que, siendo conformes a la ley, respondan a la finalidad de las sustituidas.<\/p>\n<p><strong><u>Disposiciones finales, legislaci\u00f3n aplicable, tribunales jurisdiccionales competentes <\/u><\/strong><\/p>\n<p>Las presentes CGU se rigen por la legislaci\u00f3n espa\u00f1ola com\u00fan. Si los Usuarios tienen la condici\u00f3n de consumidor, las presentes CGU estar\u00e1n tambi\u00e9n sujetas a cualquier legislaci\u00f3n local aplicable.<\/p>\n<p>Cualquier controversia que pueda surgir a ra\u00edz del uso de la P\u00e1gina Web o de las presentes CGU, se someter\u00e1 a los tribunales competentes de la ciudad de Barcelona (Espa\u00f1a), y en el caso de que se trate de un Usuario que act\u00fae en su condici\u00f3n de consumidor, al tribunal del domicilio que corresponda al Usuario\/consumidor.<\/p>\n<p>Los Usuarios, en caso de actuar en condici\u00f3n de consumidor, podr\u00e1n igualmente someter cualquier disputa derivada de o relacionada con las CGU a un procedimiento de resoluci\u00f3n de conflictos alternativo (\u00abADR\u00bb). El listado de plataformas ADR disponibles de la Comisi\u00f3n Europea puede consultarse en el siguiente enlace:<\/p>\n<p><a href=\"https:\/\/webgate.ec.europa.eu\/odr\/main\/index.cfm?event=main.home.chooseLanguage\">https:\/\/webgate.ec.europa.eu\/odr\/main\/index.cfm?event=main.home.chooseLanguage<\/a><\/p>\n<p><strong><u>\u00daltima actualizaci\u00f3n<\/u><\/strong><br \/>\nOctubre de 2019<\/p>\n<\/div>\n<p>&nbsp;<\/p>\n","protected":false},"excerpt":{"rendered":"<p>AVISO LEGAL Y CONDICIONES GENERALES DE USO &nbsp; Introducci\u00f3n \u00c1REAS, S.A.U. (en adelante, \u00ab\u00c1REAS\u00bb o la \u00abCompa\u00f1\u00eda\u00bb) es una sociedad mercantil de nacionalidad espa\u00f1ola con domicilio social","protected":false},"author":2,"featured_media":0,"parent":0,"menu_order":0,"comment_status":"closed","ping_status":"closed","template":"temaplates\/page-full-width.php","meta":[],"acf":[],"yoast_head":"<!-- This site is optimized with the Yoast SEO plugin v17.6 - https:\/\/yoast.com\/wordpress\/plugins\/seo\/ -->\n<title>Aviso legal - Areas | Spain<\/title>\n<meta name=\"robots\" content=\"index, follow, max-snippet:-1, max-image-preview:large, max-video-preview:-1\" \/>\n<link rel=\"canonical\" href=\"https:\/\/es.areas.com\/es\/aviso-legal\/\" \/>\n<meta property=\"og:locale\" content=\"es_ES\" \/>\n<meta property=\"og:type\" content=\"article\" \/>\n<meta property=\"og:title\" content=\"Aviso legal - Areas | Spain\" \/>\n<meta property=\"og:description\" content=\"AVISO LEGAL Y CONDICIONES GENERALES DE USO &nbsp; Introducci\u00f3n \u00c1REAS, S.A.U. (en adelante, \u00ab\u00c1REAS\u00bb o la \u00abCompa\u00f1\u00eda\u00bb) es una sociedad mercantil de nacionalidad espa\u00f1ola con domicilio social en Esplugues de Llobregat, Edifici Il\u00b7lumina, c\/Gaspar F\u00e0bregas i Roses n\u00ba 81, planta 2 (08950) con NIF A-08225013. Se encuentra inscrita en el Registro Mercantil de Barcelona al[...]\" \/>\n<meta property=\"og:url\" content=\"https:\/\/es.areas.com\/es\/aviso-legal\/\" \/>\n<meta property=\"og:site_name\" content=\"Areas | Spain\" \/>\n<meta property=\"article:modified_time\" content=\"2023-06-13T09:46:54+00:00\" \/>\n<meta name=\"twitter:card\" content=\"summary_large_image\" \/>\n<meta name=\"twitter:site\" content=\"@areas_ES\" \/>\n<meta name=\"twitter:label1\" content=\"Est. reading time\" \/>\n\t<meta name=\"twitter:data1\" content=\"8 minutos\" \/>\n<script type=\"application\/ld+json\" class=\"yoast-schema-graph\">{\"@context\":\"https:\/\/schema.org\",\"@graph\":[{\"@type\":\"WebSite\",\"@id\":\"https:\/\/es.areas.com\/es\/#website\",\"url\":\"https:\/\/es.areas.com\/es\/\",\"name\":\"Areas | Spain\",\"description\":\"Just another Sites Areas  site\",\"potentialAction\":[{\"@type\":\"SearchAction\",\"target\":{\"@type\":\"EntryPoint\",\"urlTemplate\":\"https:\/\/es.areas.com\/es\/?s={search_term_string}\"},\"query-input\":\"required name=search_term_string\"}],\"inLanguage\":\"es\"},{\"@type\":\"WebPage\",\"@id\":\"https:\/\/es.areas.com\/es\/aviso-legal\/#webpage\",\"url\":\"https:\/\/es.areas.com\/es\/aviso-legal\/\",\"name\":\"Aviso legal - Areas | Spain\",\"isPartOf\":{\"@id\":\"https:\/\/es.areas.com\/es\/#website\"},\"datePublished\":\"2019-09-20T11:32:58+00:00\",\"dateModified\":\"2023-06-13T09:46:54+00:00\",\"breadcrumb\":{\"@id\":\"https:\/\/es.areas.com\/es\/aviso-legal\/#breadcrumb\"},\"inLanguage\":\"es\",\"potentialAction\":[{\"@type\":\"ReadAction\",\"target\":[\"https:\/\/es.areas.com\/es\/aviso-legal\/\"]}]},{\"@type\":\"BreadcrumbList\",\"@id\":\"https:\/\/es.areas.com\/es\/aviso-legal\/#breadcrumb\",\"itemListElement\":[{\"@type\":\"ListItem\",\"position\":1,\"name\":\"Home\",\"item\":\"https:\/\/es.areas.com\/es\/\"},{\"@type\":\"ListItem\",\"position\":2,\"name\":\"Aviso legal\"}]}]}<\/script>\n<!-- \/ Yoast SEO plugin. -->","yoast_head_json":{"title":"Aviso legal - Areas | Spain","robots":{"index":"index","follow":"follow","max-snippet":"max-snippet:-1","max-image-preview":"max-image-preview:large","max-video-preview":"max-video-preview:-1"},"canonical":"https:\/\/es.areas.com\/es\/aviso-legal\/","og_locale":"es_ES","og_type":"article","og_title":"Aviso legal - Areas | Spain","og_description":"AVISO LEGAL Y CONDICIONES GENERALES DE USO &nbsp; Introducci\u00f3n \u00c1REAS, S.A.U. (en adelante, \u00ab\u00c1REAS\u00bb o la \u00abCompa\u00f1\u00eda\u00bb) es una sociedad mercantil de nacionalidad espa\u00f1ola con domicilio social en Esplugues de Llobregat, Edifici Il\u00b7lumina, c\/Gaspar F\u00e0bregas i Roses n\u00ba 81, planta 2 (08950) con NIF A-08225013. Se encuentra inscrita en el Registro Mercantil de Barcelona al[...]","og_url":"https:\/\/es.areas.com\/es\/aviso-legal\/","og_site_name":"Areas | Spain","article_modified_time":"2023-06-13T09:46:54+00:00","twitter_card":"summary_large_image","twitter_site":"@areas_ES","twitter_misc":{"Est. reading time":"8 minutos"},"schema":{"@context":"https:\/\/schema.org","@graph":[{"@type":"WebSite","@id":"https:\/\/es.areas.com\/es\/#website","url":"https:\/\/es.areas.com\/es\/","name":"Areas | Spain","description":"Just another Sites Areas  site","potentialAction":[{"@type":"SearchAction","target":{"@type":"EntryPoint","urlTemplate":"https:\/\/es.areas.com\/es\/?s={search_term_string}"},"query-input":"required name=search_term_string"}],"inLanguage":"es"},{"@type":"WebPage","@id":"https:\/\/es.areas.com\/es\/aviso-legal\/#webpage","url":"https:\/\/es.areas.com\/es\/aviso-legal\/","name":"Aviso legal - Areas | Spain","isPartOf":{"@id":"https:\/\/es.areas.com\/es\/#website"},"datePublished":"2019-09-20T11:32:58+00:00","dateModified":"2023-06-13T09:46:54+00:00","breadcrumb":{"@id":"https:\/\/es.areas.com\/es\/aviso-legal\/#breadcrumb"},"inLanguage":"es","potentialAction":[{"@type":"ReadAction","target":["https:\/\/es.areas.com\/es\/aviso-legal\/"]}]},{"@type":"BreadcrumbList","@id":"https:\/\/es.areas.com\/es\/aviso-legal\/#breadcrumb","itemListElement":[{"@type":"ListItem","position":1,"name":"Home","item":"https:\/\/es.areas.com\/es\/"},{"@type":"ListItem","position":2,"name":"Aviso legal"}]}]}},"_links":{"self":[{"href":"https:\/\/es.areas.com\/es\/wp-json\/wp\/v2\/pages\/2051"}],"collection":[{"href":"https:\/\/es.areas.com\/es\/wp-json\/wp\/v2\/pages"}],"about":[{"href":"https:\/\/es.areas.com\/es\/wp-json\/wp\/v2\/types\/page"}],"author":[{"embeddable":true,"href":"https:\/\/es.areas.com\/es\/wp-json\/wp\/v2\/users\/2"}],"replies":[{"embeddable":true,"href":"https:\/\/es.areas.com\/es\/wp-json\/wp\/v2\/comments?post=2051"}],"version-history":[{"count":12,"href":"https:\/\/es.areas.com\/es\/wp-json\/wp\/v2\/pages\/2051\/revisions"}],"predecessor-version":[{"id":10216,"href":"https:\/\/es.areas.com\/es\/wp-json\/wp\/v2\/pages\/2051\/revisions\/10216"}],"wp:attachment":[{"href":"https:\/\/es.areas.com\/es\/wp-json\/wp\/v2\/media?parent=2051"}],"curies":[{"name":"wp","href":"https:\/\/api.w.org\/{rel}","templated":true}]}}