{"id":10218,"date":"2023-06-15T09:51:01","date_gmt":"2023-06-15T07:51:01","guid":{"rendered":"https:\/\/es.areas.com\/?page_id=10218"},"modified":"2024-03-07T15:49:35","modified_gmt":"2024-03-07T14:49:35","slug":"politica-de-privacidad-areas-s-a-u","status":"publish","type":"page","link":"https:\/\/es.areas.com\/es\/politica-de-privacidad-areas-s-a-u\/","title":{"rendered":"Pol\u00edtica de privacidad"},"content":{"rendered":"<p><strong>POL\u00cdTICA DE PRIVACIDAD \u2013 \u00c1REAS, S.A.U.<\/strong><strong>\u00a0<\/strong><\/p>\n<p><strong>\u00a0\u00a0\u00a0 1. Introducci\u00f3n<\/strong><\/p>\n<p>La presente Pol\u00edtica de Privacidad (la <strong>\u201cPol\u00edtica\u201d<\/strong>) describe c\u00f3mo \u00c1REAS, S.A.U. (<strong>\u201c\u00c1REAS\u201d<\/strong> o <strong>\u201cnosotros\u201d<\/strong>) recoge, utiliza, almacena, comparte y protege la informaci\u00f3n personal derivada del uso que realiza el usuario a trav\u00e9s del dominio<a href=\"https:\/\/es.areas.com\"> https:\/\/es.areas.com<\/a> (el <strong>\u201cSitio\u201d<\/strong>), as\u00ed como de los servicios que puntualmente podamos ofrecer a trav\u00e9s del Sitio y, en su caso, en nuestros establecimientos (los <strong>\u201cServicios\u201d<\/strong>).<br \/>\nA los efectos de la presente Pol\u00edtica, el usuario del Sitio Web y el usuario o cliente de los distintos establecimientos de \u00c1REAS ser\u00e1n denominados indistintamente como el <strong>\u201cUsuario\u201d<\/strong> y conjuntamente como los <strong>\u201cUsuarios\u201d<\/strong>.<\/p>\n<p><strong>\u00a0\u00a0\u00a0 2. \u00bfQui\u00e9n es el responsable del tratamiento de sus datos personales?<\/strong><\/p>\n<p>Los datos personales que \u00c1REAS pueda obtener por el uso del Sitio y, en su caso, como consecuencia de la prestaci\u00f3n y adquisici\u00f3n de los Servicios, ser\u00e1n tratados por \u00c1REAS, con domicilio social en C\/ Gaspar F\u00e0bregas i Roses 81, 2da planta, 08950, Esplugues de Llobregat, Barcelona, y cuyo delegado de protecci\u00f3n de datos puede contactarse en <a href=\"mailto:gdpr-contact@areas.com\">gdpr-contact@areas.com<\/a>.<br \/>\nEl tratamiento de los datos personales se rige por esta Pol\u00edtica. Todos los t\u00e9rminos que consten escritos en la Pol\u00edtica tendr\u00e1n el significado que se establece en las Condiciones de Uso (que puede consultar en este <a href=\"https:\/\/es.areas.com\/es\/aviso-legal\/\">enlace<\/a>), salvo que est\u00e9n expresamente definidos en la presente Pol\u00edtica.<\/p>\n<p><strong>\u00a0\u00a0\u00a0 3. \u00bfCon qu\u00e9 finalidades tratamos sus datos?<\/strong><\/p>\n<p>Los datos personales se recoger\u00e1n y tratar\u00e1n a trav\u00e9s del Sitio y, en su caso, a trav\u00e9s de la comercializaci\u00f3n de productos y servicios realizada en los establecimientos de \u00c1REAS y a trav\u00e9s de los canales a distancia provistos a tales efectos, para las siguientes finalidades:<br \/>\n(a) Para gestionar el desarrollo y cumplimiento de la relaci\u00f3n contractual que mantengamos con el Usuario, de conformidad todo ello con las Condiciones de Uso y con los t\u00e9rminos y condiciones que, en su caso, resulten de aplicaci\u00f3n.<br \/>\n(b) Para responder y gestionar las consultas formuladas por el Usuario en relaci\u00f3n con los Servicios y\/o el Sitio, as\u00ed como las potenciales reclamaciones que el Usuario remita a \u00c1REAS.<br \/>\n(c) Para revisar y mejorar nuestros Servicios y\/o el Sitio a trav\u00e9s de la realizaci\u00f3n de investigaciones, estad\u00edsticas, encuestas, estudios de calidad, mejora de las pol\u00edticas y estudio de tendencias de mercado, entre otros.<br \/>\nAsimismo, y \u00fanicamente en el caso de que el Usuario lo consienta para cada caso, trataremos sus datos para las siguientes finalidades adicionales:<br \/>\n(a) Si as\u00ed lo solicita, para remitirle publicidad o informaci\u00f3n comercial, incluso por medios electr\u00f3nicos, sobre los productos y servicios de \u00c1REAS que puedan ser del inter\u00e9s del Usuario.<br \/>\n(b) Para gestionar su participaci\u00f3n en concursos y promociones puntuales, as\u00ed como su adhesi\u00f3n a programas de fidelizaci\u00f3n.<br \/>\n(c) Para conocer mejor las preferencias del Usuario por medio de la evaluaci\u00f3n de su perfil, con base en su comportamiento y en c\u00f3mo utiliza el Sitio y navega por el mismo, y para poder crear audiencias. Tenga en cuenta que podemos realizar estas actividades de perfilado a trav\u00e9s de cookies, seg\u00fan se describe en detalle nuestra <a href=\"https:\/\/es.areas.com\/es\/politica-de-cookies\/\">Pol\u00edtica de Cookies.<\/a><br \/>\nIgualmente, sus datos personales se tratar\u00e1n cuando \u00c1REAS tenga que cumplir con una obligaci\u00f3n que le resulte aplicable, tales como las derivadas de la normativa fiscal y de prevenci\u00f3n del blanqueo de capitales.<\/p>\n<p><strong>\u00a0\u00a0\u00a0 4. \u00bfCu\u00e1l es la legitimaci\u00f3n para el tratamiento de datos?<\/strong><\/p>\n<p>La base jur\u00eddica para el tratamiento de datos es la ejecuci\u00f3n de las Condiciones de Uso y, en su caso, de la relaci\u00f3n contractual mantenida con el Usuario, siendo el tratamiento de los datos personales estrictamente necesario para poder utilizar nuestros Servicios y\/o el Sitio y, por tanto, poder beneficiarse de los servicios que se ponen a disposici\u00f3n del Usuario. En los supuestos en los que el Usuario contacte con nosotros para plantear preguntas o solicitar informaci\u00f3n, as\u00ed como para revisar y mejorar nuestros Servicios y\/o el Sitio, la base jur\u00eddica es el inter\u00e9s leg\u00edtimo de \u00c1REAS.<br \/>\nCon respecto a las finalidades adicionales, el propio consentimiento prestado por el Usuario, el cual podr\u00e1 revocar en cualquier momento sin que ello afecte a la prestaci\u00f3n del servicio. En concreto, el Usuario podr\u00e1 retirar su consentimiento en cualquier momento dirigi\u00e9ndose a <a href=\"mailto:gdpr-contact@areas.com\">gdpr-contact@areas.com<\/a>.<br \/>\nEn relaci\u00f3n con el cumplimiento de las obligaciones impuestas a \u00c1REAS, la base jur\u00eddica es la propia normativa de aplicaci\u00f3n (por ejemplo, la comunicaci\u00f3n de los datos personales a la Administraci\u00f3n tributaria para cumplir con las obligaciones fiscales contempladas en la Ley 58\/2003, de 17 de diciembre, General Tributaria; y Ley 35\/2006, de 28 de noviembre, del Impuesto sobre la Renta de las Personas F\u00edsicas y de modificaci\u00f3n parcial de las leyes de los Impuestos sobre Sociedades, sobre la Renta de no Residentes y sobre el Patrimonio, y sus respectivos reglamentos de desarrollo, y dem\u00e1s normativa que pueda resultar de aplicaci\u00f3n).<\/p>\n<p><strong>\u00a0\u00a0\u00a0 5. \u00bfPor cu\u00e1nto tiempo conservamos los datos personales?<\/strong><br \/>\nSus datos personales se tratar\u00e1n \u00fanicamente durante el tiempo en que sean necesarios, \u00fatiles y pertinentes conforme a las finalidades descritas en la presente Pol\u00edtica, as\u00ed como durante el tiempo necesario para dar cumplimiento a las obligaciones legales y contractuales que en cada caso correspondan.<br \/>\nEn particular, los datos personales necesarios para remitirle comunicaciones comerciales electr\u00f3nicas ser\u00e1n tratados en tanto el Usuario no revoque el consentimiento que ha prestado y, una vez se haya retirado el mismo, durante el plazo necesario para responder por las responsabilidades que puedan haberse originado. En todo caso, cuando los datos personales no sean necesarios para el fin para el que fueron recabados y mientras no se proceda a la cancelaci\u00f3n definitiva de los mismos, se conservar\u00e1n de forma bloqueada.<\/p>\n<p><strong>\u00a0 \u00a0 6. \u00bfA qu\u00e9 destinatarios se comunicar\u00e1n los datos?<\/strong><\/p>\n<p>\u00c1REAS podr\u00e1 comunicar los datos personales del Usuario\/cliente cuando as\u00ed se le requiera por ley, para la defensa de sus derechos e intereses leg\u00edtimos, y a proveedores de \u00c1REAS en su condici\u00f3n de encargados del tratamiento en el marco de la correspondiente prestaci\u00f3n de servicios. Es posible que determinados proveedores de servicios se encuentren ubicados fuera del Espacio Econ\u00f3mico Europeo. En tales casos, \u00c1REAS suscribir\u00e1 los correspondientes acuerdos y contratos con los proveedores a los efectos de garantizar que la transferencia de sus datos personales se realiza en todo momento bajo un marco de seguridad y protecci\u00f3n equivalente al contemplado en la normativa europea de protecci\u00f3n de datos.<br \/>\nAsimismo, \u00c1REAS podr\u00e1 ceder los datos personales a las compa\u00f1\u00edas de su grupo de empresas, en caso de que sea necesario para la gesti\u00f3n administrativa interna. La base jur\u00eddica para realizar dicha cesi\u00f3n es el inter\u00e9s leg\u00edtimo de \u00c1REAS en la gesti\u00f3n corporativa de los Servicios prestados.<\/p>\n<p><strong>\u00a0 \u00a0 7. \u00bfCu\u00e1les son sus derechos como titular de los datos personales?<\/strong><\/p>\n<div class=\"tableContainer\">\n<table>\n<thead>\n<tr>\n<th>Derecho<\/th>\n<th>Contenido<\/th>\n<th>Canales de Atenci\u00f3n<\/th>\n<\/tr>\n<\/thead>\n<tbody>\n<tr>\n<td>Acceso<\/td>\n<td>Podr\u00e1 obtener confirmaci\u00f3n si se tratan sus datos personales, as\u00ed como, consultar sus datos personales concretos objeto de tratamiento.<\/td>\n<td rowspan=\"6\">Para el ejercicio de sus derechos\u00a0\u00a0\u00a0\u00a0\u00a0 deber\u00e1 enviar un mensaje de correo electr\u00f3nico a la direcci\u00f3n gdpr-contact@areas.com, indicando el derecho que quiere ejercer.<\/td>\n<\/tr>\n<tr>\n<td>Rectificaci\u00f3n<\/td>\n<td>Podr\u00e1 modificar sus datos personales cuando sean inexactos, as\u00ed como, completar aquellos que sean incompletos.<\/td>\n<\/tr>\n<tr>\n<td>Supresi\u00f3n<\/td>\n<td>Podr\u00e1 solicitar la eliminaci\u00f3n de sus datos personales cuando, entre otros motivos, los datos ya no sean necesarios para los fines que fueron recogidos.<\/td>\n<\/tr>\n<tr>\n<td>Oposici\u00f3n<\/td>\n<td>Podr\u00e1 solicitar que no se traten sus datos personales. Se dejar\u00e1n de tratar los datos, salvo por motivos leg\u00edtimos imperiosos, o el ejercicio o la defensa de posibles reclamaciones.<\/td>\n<\/tr>\n<tr>\n<td>Limitaci\u00f3n del tratamiento<\/td>\n<td>Podr\u00e1 solicitar la limitaci\u00f3n al tratamiento de sus datos en los siguientes supuestos:<\/p>\n<ul>\n<li>\u00b7 Mientras se compruebe la impugnaci\u00f3n de la exactitud de sus datos;<\/li>\n<li>\u00b7 Cuando el tratamiento es il\u00edcito, el Usuario se oponga a la supresi\u00f3n de sus datos, y solicite la limitaci\u00f3n de su uso;<\/li>\n<li>\u00b7 Cuando no se necesite tratar sus datos, pero los necesite para el ejercicio o defensa de reclamaciones;<\/li>\n<li>\u00b7 Cuando se haya opuesto al tratamiento de sus datos para el cumplimiento de una misi\u00f3n de inter\u00e9s p\u00fablico o para la satisfacci\u00f3n de un inter\u00e9s leg\u00edtimo, mientras se verifica si los motivos leg\u00edtimos para el tratamiento prevalecen sobre los suyos.<\/li>\n<\/ul>\n<\/td>\n<\/tr>\n<tr>\n<td>Portabilidad<\/td>\n<td>Podr\u00e1 recibir, en formato electr\u00f3nico, los datos personales que nos haya facilitado y aquellos que se han obtenido de su relaci\u00f3n contractual con \u00c1REAS, as\u00ed como a transmitirlos a otra entidad.<\/td>\n<\/tr>\n<tr>\n<td colspan=\"3\">Si considera que no se han tratado sus datos personales de conformidad con la normativa aplicable, podr\u00e1 presentar una reclamaci\u00f3n frente a la autoridad de control competente, a trav\u00e9s de la p\u00e1gina web <a href=\"http:\/\/www.agpd.es\">www.agpd.es<\/a>.<\/td>\n<\/tr>\n<\/tbody>\n<\/table>\n<\/div>\n<p><strong>\u00a0 \u00a0 8. Cambios en la Pol\u00edtica de Privacidad<\/strong><br \/>\n\u00c1REAS se reserva el derecho de modificar esta Pol\u00edtica. Cuando se produzcan cambios significativos en esta Pol\u00edtica, se comunicar\u00e1 al Usuario a trav\u00e9s del Sitio para ofrecer la posibilidad de revisar los cambios antes de que se hagan efectivos.<\/p>\n","protected":false},"excerpt":{"rendered":"<p>POL\u00cdTICA DE PRIVACIDAD \u2013 \u00c1REAS, S.A.U.\u00a0 \u00a0\u00a0\u00a0 1. Introducci\u00f3n La presente Pol\u00edtica de Privacidad (la \u201cPol\u00edtica\u201d) describe c\u00f3mo \u00c1REAS, S.A.U. (\u201c\u00c1REAS\u201d o \u201cnosotros\u201d) recoge, u","protected":false},"author":29,"featured_media":0,"parent":0,"menu_order":0,"comment_status":"closed","ping_status":"closed","template":"temaplates\/page-full-width.php","meta":[],"acf":[],"yoast_head":"<!-- This site is optimized with the Yoast SEO plugin v17.6 - https:\/\/yoast.com\/wordpress\/plugins\/seo\/ -->\n<title>Pol\u00edtica de privacidad - Areas | Spain<\/title>\n<meta name=\"robots\" content=\"index, follow, max-snippet:-1, max-image-preview:large, max-video-preview:-1\" \/>\n<link rel=\"canonical\" href=\"https:\/\/es.areas.com\/es\/politica-de-privacidad-areas-s-a-u\/\" \/>\n<meta property=\"og:locale\" content=\"es_ES\" \/>\n<meta property=\"og:type\" content=\"article\" \/>\n<meta property=\"og:title\" content=\"Pol\u00edtica de privacidad - Areas | Spain\" \/>\n<meta property=\"og:description\" content=\"POL\u00cdTICA DE PRIVACIDAD \u2013 \u00c1REAS, S.A.U.\u00a0 \u00a0\u00a0\u00a0 1. Introducci\u00f3n La presente Pol\u00edtica de Privacidad (la \u201cPol\u00edtica\u201d) describe c\u00f3mo \u00c1REAS, S.A.U. (\u201c\u00c1REAS\u201d o \u201cnosotros\u201d) recoge, utiliza, almacena, comparte y protege la informaci\u00f3n personal derivada del uso que realiza el usuario a trav\u00e9s del dominio https:\/\/es.areas.com (el \u201cSitio\u201d), as\u00ed como de los servicios que puntualmente podamos ofrecer[...]\" \/>\n<meta property=\"og:url\" content=\"https:\/\/es.areas.com\/es\/politica-de-privacidad-areas-s-a-u\/\" \/>\n<meta property=\"og:site_name\" content=\"Areas | Spain\" \/>\n<meta property=\"article:modified_time\" content=\"2024-03-07T14:49:35+00:00\" \/>\n<meta name=\"twitter:card\" content=\"summary_large_image\" \/>\n<meta name=\"twitter:site\" content=\"@areas_ES\" \/>\n<meta name=\"twitter:label1\" content=\"Est. reading time\" \/>\n\t<meta name=\"twitter:data1\" content=\"8 minutos\" \/>\n<script type=\"application\/ld+json\" class=\"yoast-schema-graph\">{\"@context\":\"https:\/\/schema.org\",\"@graph\":[{\"@type\":\"WebSite\",\"@id\":\"https:\/\/es.areas.com\/es\/#website\",\"url\":\"https:\/\/es.areas.com\/es\/\",\"name\":\"Areas | Spain\",\"description\":\"Just another Sites Areas  site\",\"potentialAction\":[{\"@type\":\"SearchAction\",\"target\":{\"@type\":\"EntryPoint\",\"urlTemplate\":\"https:\/\/es.areas.com\/es\/?s={search_term_string}\"},\"query-input\":\"required name=search_term_string\"}],\"inLanguage\":\"es\"},{\"@type\":\"WebPage\",\"@id\":\"https:\/\/es.areas.com\/es\/politica-de-privacidad-areas-s-a-u\/#webpage\",\"url\":\"https:\/\/es.areas.com\/es\/politica-de-privacidad-areas-s-a-u\/\",\"name\":\"Pol\\u00edtica de privacidad - Areas | Spain\",\"isPartOf\":{\"@id\":\"https:\/\/es.areas.com\/es\/#website\"},\"datePublished\":\"2023-06-15T07:51:01+00:00\",\"dateModified\":\"2024-03-07T14:49:35+00:00\",\"breadcrumb\":{\"@id\":\"https:\/\/es.areas.com\/es\/politica-de-privacidad-areas-s-a-u\/#breadcrumb\"},\"inLanguage\":\"es\",\"potentialAction\":[{\"@type\":\"ReadAction\",\"target\":[\"https:\/\/es.areas.com\/es\/politica-de-privacidad-areas-s-a-u\/\"]}]},{\"@type\":\"BreadcrumbList\",\"@id\":\"https:\/\/es.areas.com\/es\/politica-de-privacidad-areas-s-a-u\/#breadcrumb\",\"itemListElement\":[{\"@type\":\"ListItem\",\"position\":1,\"name\":\"Home\",\"item\":\"https:\/\/es.areas.com\/es\/\"},{\"@type\":\"ListItem\",\"position\":2,\"name\":\"Pol\\u00edtica de privacidad\"}]}]}<\/script>\n<!-- \/ Yoast SEO plugin. -->","yoast_head_json":{"title":"Pol\u00edtica de privacidad - Areas | Spain","robots":{"index":"index","follow":"follow","max-snippet":"max-snippet:-1","max-image-preview":"max-image-preview:large","max-video-preview":"max-video-preview:-1"},"canonical":"https:\/\/es.areas.com\/es\/politica-de-privacidad-areas-s-a-u\/","og_locale":"es_ES","og_type":"article","og_title":"Pol\u00edtica de privacidad - Areas | Spain","og_description":"POL\u00cdTICA DE PRIVACIDAD \u2013 \u00c1REAS, S.A.U.\u00a0 \u00a0\u00a0\u00a0 1. Introducci\u00f3n La presente Pol\u00edtica de Privacidad (la \u201cPol\u00edtica\u201d) describe c\u00f3mo \u00c1REAS, S.A.U. (\u201c\u00c1REAS\u201d o \u201cnosotros\u201d) recoge, utiliza, almacena, comparte y protege la informaci\u00f3n personal derivada del uso que realiza el usuario a trav\u00e9s del dominio https:\/\/es.areas.com (el \u201cSitio\u201d), as\u00ed como de los servicios que puntualmente podamos ofrecer[...]","og_url":"https:\/\/es.areas.com\/es\/politica-de-privacidad-areas-s-a-u\/","og_site_name":"Areas | Spain","article_modified_time":"2024-03-07T14:49:35+00:00","twitter_card":"summary_large_image","twitter_site":"@areas_ES","twitter_misc":{"Est. reading time":"8 minutos"},"schema":{"@context":"https:\/\/schema.org","@graph":[{"@type":"WebSite","@id":"https:\/\/es.areas.com\/es\/#website","url":"https:\/\/es.areas.com\/es\/","name":"Areas | Spain","description":"Just another Sites Areas  site","potentialAction":[{"@type":"SearchAction","target":{"@type":"EntryPoint","urlTemplate":"https:\/\/es.areas.com\/es\/?s={search_term_string}"},"query-input":"required name=search_term_string"}],"inLanguage":"es"},{"@type":"WebPage","@id":"https:\/\/es.areas.com\/es\/politica-de-privacidad-areas-s-a-u\/#webpage","url":"https:\/\/es.areas.com\/es\/politica-de-privacidad-areas-s-a-u\/","name":"Pol\u00edtica de privacidad - Areas | Spain","isPartOf":{"@id":"https:\/\/es.areas.com\/es\/#website"},"datePublished":"2023-06-15T07:51:01+00:00","dateModified":"2024-03-07T14:49:35+00:00","breadcrumb":{"@id":"https:\/\/es.areas.com\/es\/politica-de-privacidad-areas-s-a-u\/#breadcrumb"},"inLanguage":"es","potentialAction":[{"@type":"ReadAction","target":["https:\/\/es.areas.com\/es\/politica-de-privacidad-areas-s-a-u\/"]}]},{"@type":"BreadcrumbList","@id":"https:\/\/es.areas.com\/es\/politica-de-privacidad-areas-s-a-u\/#breadcrumb","itemListElement":[{"@type":"ListItem","position":1,"name":"Home","item":"https:\/\/es.areas.com\/es\/"},{"@type":"ListItem","position":2,"name":"Pol\u00edtica de privacidad"}]}]}},"_links":{"self":[{"href":"https:\/\/es.areas.com\/es\/wp-json\/wp\/v2\/pages\/10218"}],"collection":[{"href":"https:\/\/es.areas.com\/es\/wp-json\/wp\/v2\/pages"}],"about":[{"href":"https:\/\/es.areas.com\/es\/wp-json\/wp\/v2\/types\/page"}],"author":[{"embeddable":true,"href":"https:\/\/es.areas.com\/es\/wp-json\/wp\/v2\/users\/29"}],"replies":[{"embeddable":true,"href":"https:\/\/es.areas.com\/es\/wp-json\/wp\/v2\/comments?post=10218"}],"version-history":[{"count":24,"href":"https:\/\/es.areas.com\/es\/wp-json\/wp\/v2\/pages\/10218\/revisions"}],"predecessor-version":[{"id":10825,"href":"https:\/\/es.areas.com\/es\/wp-json\/wp\/v2\/pages\/10218\/revisions\/10825"}],"wp:attachment":[{"href":"https:\/\/es.areas.com\/es\/wp-json\/wp\/v2\/media?parent=10218"}],"curies":[{"name":"wp","href":"https:\/\/api.w.org\/{rel}","templated":true}]}}